{"id":384,"date":"2011-02-22T22:04:38","date_gmt":"2011-02-23T04:04:38","guid":{"rendered":"http:\/\/www.galeriaoctagono.com\/blog\/?page_id=384"},"modified":"2021-06-30T16:07:12","modified_gmt":"2021-06-30T22:07:12","slug":"obras-vendidas-sold-work","status":"publish","type":"page","link":"https:\/\/www.galeriaoctagono.com\/blog\/?page_id=384","title":{"rendered":"ALGUNAS DE LAS OBRAS VENDIDAS &#8211; SOME OF THE SOLD WORKS"},"content":{"rendered":"<p><a href='http:\/\/www.galeriaoctagono.com\/blog\/\/wp-content\/uploads\/t17-quilt-with-old-buttons.JPG' title='t17-quilt-with-old-buttons.JPG'><img src='http:\/\/www.galeriaoctagono.com\/blog\/\/wp-content\/uploads\/t17-quilt-with-old-buttons.thumbnail.JPG' alt='t17-quilt-with-old-buttons.JPG' \/><\/a> <a href='http:\/\/www.galeriaoctagono.com\/blog\/\/wp-content\/uploads\/t64-wild-quilt.JPG' title='t64-wild-quilt.JPG'><img src='http:\/\/www.galeriaoctagono.com\/blog\/\/wp-content\/uploads\/t64-wild-quilt.thumbnail.JPG' alt='t64-wild-quilt.JPG' \/><\/a><br \/>\nEstas son dos de mis primeras obras. La de la izquierda la hice en algod\u00f3n crudo, sin medir.<br \/>\nLa de la derecha lleva abalorios conectando cuadros que no calzan.<br \/>\nColl. Praesthom<br \/>\nEstos eran los experimentos tempranos, con un gran susto de hacer cosas &#8220;raras&#8221;&#8230;<br \/>\n<strong>These are two of my earlier works. The one on the left was made on raw cotton, without measuring.<br \/>\nThe one on the right has embellishments connecting squares that don&#8217;t match.<br \/>\nThese were the early experiments getting away from conventional patchwork\u2014back when it was scary to do &#8220;weird&#8221; things&#8230;<\/strong><br \/>\n&#8212;&#8212;&#8212;&#8212;&#8212;&#8212;<br \/>\n&#8220;Angel&#8221;. Oil painting by Abbott Handerson-Thayer. This was my first phototransfer job, and the little quilt had lots of my own crochet, period fabric, and a piece of my wedding gown.<br \/>\n<strong>&#8220;Angel&#8221;. Oleo del pintor norteamericano Abbot Handerson-Thayer, que falleci\u00f3 en 1921. Este fue mi primer trabajo en fototransferencia y la peque\u00f1a quilt lleva mi propio crochet, tela de la \u00e9poca y un pedacito de mi vestido de novia.<\/strong><br \/>\n<figure id=\"attachment_817\" aria-describedby=\"caption-attachment-817\" style=\"width: 232px\" class=\"wp-caption alignleft\"><a href=\"http:\/\/www.galeriaoctagono.com\/blog\/wp-content\/uploads\/250px-Angel_-_Abbott_Thayer.jpg\"><img loading=\"lazy\" decoding=\"async\" src=\"http:\/\/www.galeriaoctagono.com\/blog\/wp-content\/uploads\/250px-Angel_-_Abbott_Thayer-232x300.jpg\" alt=\"\" title=\"250px-Angel_-_Abbott_Thayer\" width=\"232\" height=\"300\" class=\"size-medium wp-image-817\" srcset=\"https:\/\/www.galeriaoctagono.com\/blog\/wp-content\/uploads\/250px-Angel_-_Abbott_Thayer-232x300.jpg 232w, https:\/\/www.galeriaoctagono.com\/blog\/wp-content\/uploads\/250px-Angel_-_Abbott_Thayer.jpg 250w\" sizes=\"auto, (max-width: 232px) 100vw, 232px\" \/><\/a><figcaption id=\"caption-attachment-817\" class=\"wp-caption-text\">Angel. Original oil painting by Abbot H. Thayer.<\/figcaption><\/figure><a href=\"http:\/\/www.galeriaoctagono.com\/blog\/wp-content\/uploads\/Silvia-Piza-Tandlich-Angel.jpg\"><img loading=\"lazy\" decoding=\"async\" src=\"http:\/\/www.galeriaoctagono.com\/blog\/wp-content\/uploads\/Silvia-Piza-Tandlich-Angel-300x294.jpg\" alt=\"\" title=\"Silvia Piza-Tandlich- Angel\" width=\"300\" height=\"294\" class=\"alignright size-medium wp-image-818\" srcset=\"https:\/\/www.galeriaoctagono.com\/blog\/wp-content\/uploads\/Silvia-Piza-Tandlich-Angel-300x294.jpg 300w, https:\/\/www.galeriaoctagono.com\/blog\/wp-content\/uploads\/Silvia-Piza-Tandlich-Angel-1024x1005.jpg 1024w, https:\/\/www.galeriaoctagono.com\/blog\/wp-content\/uploads\/Silvia-Piza-Tandlich-Angel-305x300.jpg 305w, https:\/\/www.galeriaoctagono.com\/blog\/wp-content\/uploads\/Silvia-Piza-Tandlich-Angel.jpg 1280w\" sizes=\"auto, (max-width: 300px) 100vw, 300px\" \/><\/a><br \/>\n&#8212;&#8212;&#8212;&#8212;&#8212;&#8212;&#8212;-<br \/>\n<a href=\"http:\/\/www.galeriaoctagono.com\/blog\/wp-content\/uploads\/Obra-vendida-1.jpg\"><img loading=\"lazy\" decoding=\"async\" src=\"http:\/\/www.galeriaoctagono.com\/blog\/wp-content\/uploads\/Obra-vendida-1-150x150.jpg\" alt=\"\" title=\"Obra vendida 1\" width=\"150\" height=\"150\" class=\"alignnone size-thumbnail wp-image-820\" \/><\/a>   <a href=\"http:\/\/www.galeriaoctagono.com\/blog\/wp-content\/uploads\/Obra-vendida-2.jpg\"><img loading=\"lazy\" decoding=\"async\" src=\"http:\/\/www.galeriaoctagono.com\/blog\/wp-content\/uploads\/Obra-vendida-2-150x150.jpg\" alt=\"\" title=\"Obra vendida 2\" width=\"150\" height=\"150\" class=\"alignnone size-thumbnail wp-image-821\" \/><\/a>   <a href=\"http:\/\/www.galeriaoctagono.com\/blog\/wp-content\/uploads\/Obra-vendida-3.jpg\"><img loading=\"lazy\" decoding=\"async\" src=\"http:\/\/www.galeriaoctagono.com\/blog\/wp-content\/uploads\/Obra-vendida-3-150x150.jpg\" alt=\"\" title=\"Obra vendida 3\" width=\"150\" height=\"150\" class=\"alignnone size-thumbnail wp-image-822\" \/><\/a>   <a href=\"http:\/\/www.galeriaoctagono.com\/blog\/wp-content\/uploads\/Obra-vendida-4.jpg\"><img loading=\"lazy\" decoding=\"async\" src=\"http:\/\/www.galeriaoctagono.com\/blog\/wp-content\/uploads\/Obra-vendida-4-150x150.jpg\" alt=\"\" title=\"Obra vendida 4\" width=\"150\" height=\"150\" class=\"alignnone size-thumbnail wp-image-823\" \/><\/a>   <a href=\"http:\/\/www.galeriaoctagono.com\/blog\/wp-content\/uploads\/Obra-vendida-5.jpg\"><img loading=\"lazy\" decoding=\"async\" src=\"http:\/\/www.galeriaoctagono.com\/blog\/wp-content\/uploads\/Obra-vendida-5-150x150.jpg\" alt=\"\" title=\"Obra vendida 5\" width=\"150\" height=\"150\" class=\"alignnone size-thumbnail wp-image-824\" \/><\/a>   <a href=\"http:\/\/www.galeriaoctagono.com\/blog\/wp-content\/uploads\/Obra-vendida-6.jpg\"><img loading=\"lazy\" decoding=\"async\" src=\"http:\/\/www.galeriaoctagono.com\/blog\/wp-content\/uploads\/Obra-vendida-6-150x150.jpg\" alt=\"\" title=\"Obra vendida 6\" width=\"150\" height=\"150\" class=\"alignnone size-thumbnail wp-image-825\" \/><\/a>   <a href=\"http:\/\/www.galeriaoctagono.com\/blog\/wp-content\/uploads\/Obra-vendida-7.jpg\"><img loading=\"lazy\" decoding=\"async\" src=\"http:\/\/www.galeriaoctagono.com\/blog\/wp-content\/uploads\/Obra-vendida-7-150x150.jpg\" alt=\"\" title=\"Obra vendida 7\" width=\"150\" height=\"150\" class=\"alignnone size-thumbnail wp-image-826\" \/><\/a>   <a href=\"http:\/\/www.galeriaoctagono.com\/blog\/wp-content\/uploads\/Obra-vendida-8.jpg\"><img loading=\"lazy\" decoding=\"async\" src=\"http:\/\/www.galeriaoctagono.com\/blog\/wp-content\/uploads\/Obra-vendida-8-150x150.jpg\" alt=\"\" title=\"Obra vendida 8\" width=\"150\" height=\"150\" class=\"alignnone size-thumbnail wp-image-827\" \/><\/a>   <a href=\"http:\/\/www.galeriaoctagono.com\/blog\/wp-content\/uploads\/Obra-vendida-9.jpg\"><img loading=\"lazy\" decoding=\"async\" src=\"http:\/\/www.galeriaoctagono.com\/blog\/wp-content\/uploads\/Obra-vendida-9-150x150.jpg\" alt=\"\" title=\"Obra vendida 9\" width=\"150\" height=\"150\" class=\"alignnone size-thumbnail wp-image-828\" \/><\/a>   <a href=\"http:\/\/www.galeriaoctagono.com\/blog\/wp-content\/uploads\/Obra-vendida-10.jpg\"><img loading=\"lazy\" decoding=\"async\" src=\"http:\/\/www.galeriaoctagono.com\/blog\/wp-content\/uploads\/Obra-vendida-10-150x150.jpg\" alt=\"\" title=\"Obra vendida 10\" width=\"150\" height=\"150\" class=\"alignnone size-thumbnail wp-image-829\" \/><\/a>   <a href=\"http:\/\/www.galeriaoctagono.com\/blog\/wp-content\/uploads\/Obra-vendida-12.jpg\"><img loading=\"lazy\" decoding=\"async\" src=\"http:\/\/www.galeriaoctagono.com\/blog\/wp-content\/uploads\/Obra-vendida-12-150x150.jpg\" alt=\"\" title=\"Obra vendida 12\" width=\"150\" height=\"150\" class=\"alignnone size-thumbnail wp-image-830\" \/><\/a>   <a href=\"http:\/\/www.galeriaoctagono.com\/blog\/wp-content\/uploads\/Obra-vendida-13.jpg\"><img loading=\"lazy\" decoding=\"async\" src=\"http:\/\/www.galeriaoctagono.com\/blog\/wp-content\/uploads\/Obra-vendida-13-150x150.jpg\" alt=\"\" title=\"Obra vendida 13\" width=\"150\" height=\"150\" class=\"alignnone size-thumbnail wp-image-831\" \/><\/a>   <a href=\"http:\/\/www.galeriaoctagono.com\/blog\/wp-content\/uploads\/Obra-vendida-15.jpg\"><img loading=\"lazy\" decoding=\"async\" src=\"http:\/\/www.galeriaoctagono.com\/blog\/wp-content\/uploads\/Obra-vendida-15-150x150.jpg\" alt=\"\" title=\"IMG_1297\" width=\"150\" height=\"150\" class=\"alignnone size-thumbnail wp-image-832\" \/><\/a>   <a href=\"http:\/\/www.galeriaoctagono.com\/blog\/wp-content\/uploads\/Obra-vendida-16.jpg\"><img loading=\"lazy\" decoding=\"async\" src=\"http:\/\/www.galeriaoctagono.com\/blog\/wp-content\/uploads\/Obra-vendida-16-150x150.jpg\" alt=\"\" title=\"IMG_2181\" width=\"150\" height=\"150\" class=\"alignnone size-thumbnail wp-image-833\" \/><\/a><br \/>\n&#8212;&#8212;&#8212;&#8212;&#8212;<br \/>\n<a href=\"http:\/\/www.galeriaoctagono.com\/blog\/wp-content\/uploads\/Obra-vendida-17.jpg\"><img loading=\"lazy\" decoding=\"async\" src=\"http:\/\/www.galeriaoctagono.com\/blog\/wp-content\/uploads\/Obra-vendida-17-150x150.jpg\" alt=\"\" title=\"Obra vendida 17\" width=\"150\" height=\"150\" class=\"alignnone size-thumbnail wp-image-834\" \/><\/a>   <a href=\"http:\/\/www.galeriaoctagono.com\/blog\/wp-content\/uploads\/Obra-vendida-18.jpg\"><img loading=\"lazy\" decoding=\"async\" src=\"http:\/\/www.galeriaoctagono.com\/blog\/wp-content\/uploads\/Obra-vendida-18-150x150.jpg\" alt=\"\" title=\"IMG_0063\" width=\"150\" height=\"150\" class=\"alignnone size-thumbnail wp-image-835\" \/><\/a>   <a href=\"http:\/\/www.galeriaoctagono.com\/blog\/wp-content\/uploads\/Obra-vendida-19.jpg\"><img loading=\"lazy\" decoding=\"async\" src=\"http:\/\/www.galeriaoctagono.com\/blog\/wp-content\/uploads\/Obra-vendida-19-150x150.jpg\" alt=\"\" title=\"Obra vendida 19\" width=\"150\" height=\"150\" class=\"alignnone size-thumbnail wp-image-836\" \/><\/a>   <a href=\"http:\/\/www.galeriaoctagono.com\/blog\/wp-content\/uploads\/Obra-vendida-20.jpg\"><img loading=\"lazy\" decoding=\"async\" src=\"http:\/\/www.galeriaoctagono.com\/blog\/wp-content\/uploads\/Obra-vendida-20-150x150.jpg\" alt=\"\" title=\"Obra vendida 20\" width=\"150\" height=\"150\" class=\"alignnone size-thumbnail wp-image-837\" \/><\/a><br \/>\n&#8212;&#8212;&#8212;&#8212;&#8212;<br \/>\n<a href=\"http:\/\/www.galeriaoctagono.com\/blog\/wp-content\/uploads\/Obra-21.jpg\"><img loading=\"lazy\" decoding=\"async\" src=\"http:\/\/www.galeriaoctagono.com\/blog\/wp-content\/uploads\/Obra-21-150x150.jpg\" alt=\"\" title=\"Obra 21\" width=\"150\" height=\"150\" class=\"alignnone size-thumbnail wp-image-838\" \/><\/a>   <a href=\"http:\/\/www.galeriaoctagono.com\/blog\/wp-content\/uploads\/Obra-22.jpg\"><img loading=\"lazy\" decoding=\"async\" src=\"http:\/\/www.galeriaoctagono.com\/blog\/wp-content\/uploads\/Obra-22-150x150.jpg\" alt=\"\" title=\"Obra 22\" width=\"150\" height=\"150\" class=\"alignnone size-thumbnail wp-image-839\" \/><\/a>   <a href=\"http:\/\/www.galeriaoctagono.com\/blog\/wp-content\/uploads\/Obra-23.jpg\"><img loading=\"lazy\" decoding=\"async\" src=\"http:\/\/www.galeriaoctagono.com\/blog\/wp-content\/uploads\/Obra-23-150x150.jpg\" alt=\"\" title=\"Obra 23\" width=\"150\" height=\"150\" class=\"alignnone size-thumbnail wp-image-840\" \/><\/a>   <a href=\"http:\/\/www.galeriaoctagono.com\/blog\/wp-content\/uploads\/Obra-24.jpg\"><img loading=\"lazy\" decoding=\"async\" src=\"http:\/\/www.galeriaoctagono.com\/blog\/wp-content\/uploads\/Obra-24-150x150.jpg\" alt=\"\" title=\"Obra 24\" width=\"150\" height=\"150\" class=\"alignnone size-thumbnail wp-image-841\" \/><\/a><br \/>\n<a href=\"http:\/\/www.galeriaoctagono.com\/blog\/wp-content\/uploads\/Obra-25.jpg\"><img loading=\"lazy\" decoding=\"async\" src=\"http:\/\/www.galeriaoctagono.com\/blog\/wp-content\/uploads\/Obra-25-150x150.jpg\" alt=\"\" title=\"Obra 25\" width=\"150\" height=\"150\" class=\"alignnone size-thumbnail wp-image-842\" \/><\/a><a href=\"http:\/\/www.galeriaoctagono.com\/blog\/wp-content\/uploads\/Obra-26.jpg\"><img loading=\"lazy\" decoding=\"async\" src=\"http:\/\/www.galeriaoctagono.com\/blog\/wp-content\/uploads\/Obra-26-150x150.jpg\" alt=\"\" title=\"Obra 26\" width=\"150\" height=\"150\" class=\"alignnone size-thumbnail wp-image-843\" \/><\/a><a href=\"http:\/\/www.galeriaoctagono.com\/blog\/wp-content\/uploads\/Obra-27.jpg\"><img loading=\"lazy\" decoding=\"async\" src=\"http:\/\/www.galeriaoctagono.com\/blog\/wp-content\/uploads\/Obra-27-150x150.jpg\" alt=\"\" title=\"Obra 27\" width=\"150\" height=\"150\" class=\"alignnone size-thumbnail wp-image-844\" \/><\/a><a href=\"http:\/\/www.galeriaoctagono.com\/blog\/wp-content\/uploads\/Obra-28.jpg\"><img loading=\"lazy\" decoding=\"async\" src=\"http:\/\/www.galeriaoctagono.com\/blog\/wp-content\/uploads\/Obra-28-150x150.jpg\" alt=\"\" title=\"Obra 28\" width=\"150\" height=\"150\" class=\"alignnone size-thumbnail wp-image-845\" \/><\/a><a href=\"http:\/\/www.galeriaoctagono.com\/blog\/wp-content\/uploads\/Obra-30.jpg\"><img loading=\"lazy\" decoding=\"async\" src=\"http:\/\/www.galeriaoctagono.com\/blog\/wp-content\/uploads\/Obra-30-150x150.jpg\" alt=\"\" title=\"Obra 30\" width=\"150\" height=\"150\" class=\"alignnone size-thumbnail wp-image-846\" srcset=\"https:\/\/www.galeriaoctagono.com\/blog\/wp-content\/uploads\/Obra-30-150x150.jpg 150w, https:\/\/www.galeriaoctagono.com\/blog\/wp-content\/uploads\/Obra-30-300x300.jpg 300w, https:\/\/www.galeriaoctagono.com\/blog\/wp-content\/uploads\/Obra-30-1024x1024.jpg 1024w, https:\/\/www.galeriaoctagono.com\/blog\/wp-content\/uploads\/Obra-30.jpg 1035w\" sizes=\"auto, (max-width: 150px) 100vw, 150px\" \/><\/a><br \/>\n<a href=\"http:\/\/www.galeriaoctagono.com\/blog\/wp-content\/uploads\/T35-Santa-Rosa-National-Park.jpg\"><img loading=\"lazy\" decoding=\"async\" src=\"http:\/\/www.galeriaoctagono.com\/blog\/wp-content\/uploads\/T35-Santa-Rosa-National-Park-150x150.jpg\" alt=\"\" title=\"T35      Santa Rosa National Park\" width=\"150\" height=\"150\" class=\"alignnone size-thumbnail wp-image-847\" \/><\/a>    <a href=\"http:\/\/www.galeriaoctagono.com\/blog\/wp-content\/uploads\/T169-In-the-Window.jpg\"><img loading=\"lazy\" decoding=\"async\" src=\"http:\/\/www.galeriaoctagono.com\/blog\/wp-content\/uploads\/T169-In-the-Window-150x150.jpg\" alt=\"\" title=\"T169   In the Window\" width=\"150\" height=\"150\" class=\"alignnone size-thumbnail wp-image-848\" \/><\/a>   <\/p>\n","protected":false},"excerpt":{"rendered":"<p>Estas son dos de mis primeras obras. La de la izquierda la hice en algod\u00f3n crudo, sin medir. La de la derecha lleva abalorios conectando cuadros que no calzan. Coll. Praesthom Estos eran los experimentos tempranos, con un gran susto de hacer cosas &#8220;raras&#8221;&#8230; These are two of my earlier works. The one on the &hellip; <\/p>\n<p class=\"link-more\"><a href=\"https:\/\/www.galeriaoctagono.com\/blog\/?page_id=384\" class=\"more-link\">Continue reading<span class=\"screen-reader-text\"> &#8220;ALGUNAS DE LAS OBRAS VENDIDAS &#8211; SOME OF THE SOLD WORKS&#8221;<\/span><\/a><\/p>\n","protected":false},"author":3,"featured_media":0,"parent":0,"menu_order":13,"comment_status":"open","ping_status":"closed","template":"","meta":{"footnotes":""},"class_list":["post-384","page","type-page","status-publish","hentry"],"_links":{"self":[{"href":"https:\/\/www.galeriaoctagono.com\/blog\/index.php?rest_route=\/wp\/v2\/pages\/384","targetHints":{"allow":["GET"]}}],"collection":[{"href":"https:\/\/www.galeriaoctagono.com\/blog\/index.php?rest_route=\/wp\/v2\/pages"}],"about":[{"href":"https:\/\/www.galeriaoctagono.com\/blog\/index.php?rest_route=\/wp\/v2\/types\/page"}],"author":[{"embeddable":true,"href":"https:\/\/www.galeriaoctagono.com\/blog\/index.php?rest_route=\/wp\/v2\/users\/3"}],"replies":[{"embeddable":true,"href":"https:\/\/www.galeriaoctagono.com\/blog\/index.php?rest_route=%2Fwp%2Fv2%2Fcomments&post=384"}],"version-history":[{"count":11,"href":"https:\/\/www.galeriaoctagono.com\/blog\/index.php?rest_route=\/wp\/v2\/pages\/384\/revisions"}],"predecessor-version":[{"id":1858,"href":"https:\/\/www.galeriaoctagono.com\/blog\/index.php?rest_route=\/wp\/v2\/pages\/384\/revisions\/1858"}],"wp:attachment":[{"href":"https:\/\/www.galeriaoctagono.com\/blog\/index.php?rest_route=%2Fwp%2Fv2%2Fmedia&parent=384"}],"curies":[{"name":"wp","href":"https:\/\/api.w.org\/{rel}","templated":true}]}}