{"id":1582,"date":"2018-06-10T08:49:49","date_gmt":"2018-06-10T14:49:49","guid":{"rendered":"http:\/\/www.galeriaoctagono.com\/blog\/?page_id=1582"},"modified":"2018-06-10T13:49:48","modified_gmt":"2018-06-10T19:49:48","slug":"2017-vii-bienal-wta-diversidad-diversity-uruguay","status":"publish","type":"page","link":"https:\/\/www.galeriaoctagono.com\/blog\/?page_id=1582","title":{"rendered":"2017: VII Bienal WTA: DIVERSIDAD\/DIVERSITY, Uruguay"},"content":{"rendered":"<p><a href=\"http:\/\/www.galeriaoctagono.com\/blog\/wp-content\/uploads\/23032685_1620032414725759_1624840136250488098_n.jpg\"><img loading=\"lazy\" decoding=\"async\" src=\"http:\/\/www.galeriaoctagono.com\/blog\/wp-content\/uploads\/23032685_1620032414725759_1624840136250488098_n-165x300.jpg\" alt=\"\" width=\"165\" height=\"300\" class=\"alignleft size-medium wp-image-1616\" srcset=\"https:\/\/www.galeriaoctagono.com\/blog\/wp-content\/uploads\/23032685_1620032414725759_1624840136250488098_n-165x300.jpg 165w, https:\/\/www.galeriaoctagono.com\/blog\/wp-content\/uploads\/23032685_1620032414725759_1624840136250488098_n.jpg 528w\" sizes=\"auto, (max-width: 165px) 100vw, 165px\" \/><\/a>   Ave de Am\u00e9rica<br \/>\nDesde Alaska hasta Tierra del Fuego, las Am\u00e9ricas han admirado alg\u00fan tipo de ave (\u00e1guila, zopilote, quetzal, colibr\u00ed, c\u00f3ndor, pel\u00edcano, lechuza, etc.) y han representado situaciones de la vida en forma de pictogramas. La diversidad de s\u00edmbolos es asombrosamente parecida en muchas culturas, pues nuestra vida experimenta las mismas vicisitudes, sin importar d\u00f3nde vivamos.<br \/>\nAlgunos de mis pictogramas son interpretaciones propias. Otros son copiados de culturas precolombinas. Todos representan circunstancias de la vida, mostrados en plumas de mi Ave.   <a href=\"http:\/\/www.galeriaoctagono.com\/blog\/wp-content\/uploads\/IMG_1092.jpg\"><img loading=\"lazy\" decoding=\"async\" src=\"http:\/\/www.galeriaoctagono.com\/blog\/wp-content\/uploads\/IMG_1092-300x225.jpg\" alt=\"\" width=\"300\" height=\"225\" class=\"alignright size-medium wp-image-1619\" srcset=\"https:\/\/www.galeriaoctagono.com\/blog\/wp-content\/uploads\/IMG_1092-300x225.jpg 300w, https:\/\/www.galeriaoctagono.com\/blog\/wp-content\/uploads\/IMG_1092-768x576.jpg 768w, https:\/\/www.galeriaoctagono.com\/blog\/wp-content\/uploads\/IMG_1092-1024x768.jpg 1024w\" sizes=\"auto, (max-width: 300px) 100vw, 300px\" \/><\/a><\/p>\n<p>Bird of the Americas<br \/>\nFrom Alaska to Tierra del Fuego, the Americas have admired some type of bird (eagle, buzzard, quetzal, hummingbird, condor, pelican, owl, etc.) and have represented life situations in form of pictograms. The diversity of symbols is amazingly similar in many cultures since our life experiments the same vicissitudes, no matter where we live.<br \/>\nSome of my pictograms are my own interpretations. Others are copied from pre-Columbian cultures. All depict life circumstances, shown on feathers of my Bird.<\/p>\n<p><a href=\"http:\/\/www.galeriaoctagono.com\/blog\/wp-content\/uploads\/1.jpg\"><img loading=\"lazy\" decoding=\"async\" src=\"http:\/\/www.galeriaoctagono.com\/blog\/wp-content\/uploads\/1-150x150.jpg\" alt=\"\" width=\"150\" height=\"150\" class=\"alignleft size-thumbnail wp-image-1620\" srcset=\"https:\/\/www.galeriaoctagono.com\/blog\/wp-content\/uploads\/1-150x150.jpg 150w, https:\/\/www.galeriaoctagono.com\/blog\/wp-content\/uploads\/1-100x100.jpg 100w\" sizes=\"auto, (max-width: 150px) 100vw, 150px\" \/><\/a><a href=\"http:\/\/www.galeriaoctagono.com\/blog\/wp-content\/uploads\/2-1.jpg\"><img loading=\"lazy\" decoding=\"async\" src=\"http:\/\/www.galeriaoctagono.com\/blog\/wp-content\/uploads\/2-1-150x150.jpg\" alt=\"\" width=\"150\" height=\"150\" class=\"alignleft size-thumbnail wp-image-1621\" srcset=\"https:\/\/www.galeriaoctagono.com\/blog\/wp-content\/uploads\/2-1-150x150.jpg 150w, https:\/\/www.galeriaoctagono.com\/blog\/wp-content\/uploads\/2-1-100x100.jpg 100w\" sizes=\"auto, (max-width: 150px) 100vw, 150px\" \/><\/a><a href=\"http:\/\/www.galeriaoctagono.com\/blog\/wp-content\/uploads\/3.jpg\"><img loading=\"lazy\" decoding=\"async\" src=\"http:\/\/www.galeriaoctagono.com\/blog\/wp-content\/uploads\/3-150x150.jpg\" alt=\"\" width=\"150\" height=\"150\" class=\"alignleft size-thumbnail wp-image-1622\" srcset=\"https:\/\/www.galeriaoctagono.com\/blog\/wp-content\/uploads\/3-150x150.jpg 150w, https:\/\/www.galeriaoctagono.com\/blog\/wp-content\/uploads\/3-100x100.jpg 100w\" sizes=\"auto, (max-width: 150px) 100vw, 150px\" \/><\/a><a href=\"http:\/\/www.galeriaoctagono.com\/blog\/wp-content\/uploads\/4.jpg\"><img loading=\"lazy\" decoding=\"async\" src=\"http:\/\/www.galeriaoctagono.com\/blog\/wp-content\/uploads\/4-150x150.jpg\" alt=\"\" width=\"150\" height=\"150\" class=\"alignleft size-thumbnail wp-image-1623\" srcset=\"https:\/\/www.galeriaoctagono.com\/blog\/wp-content\/uploads\/4-150x150.jpg 150w, https:\/\/www.galeriaoctagono.com\/blog\/wp-content\/uploads\/4-100x100.jpg 100w\" sizes=\"auto, (max-width: 150px) 100vw, 150px\" \/><\/a><a href=\"http:\/\/www.galeriaoctagono.com\/blog\/wp-content\/uploads\/5.jpg\"><img loading=\"lazy\" decoding=\"async\" src=\"http:\/\/www.galeriaoctagono.com\/blog\/wp-content\/uploads\/5-150x150.jpg\" alt=\"\" width=\"150\" height=\"150\" class=\"alignleft size-thumbnail wp-image-1624\" srcset=\"https:\/\/www.galeriaoctagono.com\/blog\/wp-content\/uploads\/5-150x150.jpg 150w, https:\/\/www.galeriaoctagono.com\/blog\/wp-content\/uploads\/5-100x100.jpg 100w\" sizes=\"auto, (max-width: 150px) 100vw, 150px\" \/><\/a><a href=\"http:\/\/www.galeriaoctagono.com\/blog\/wp-content\/uploads\/6.jpg\"><img loading=\"lazy\" decoding=\"async\" src=\"http:\/\/www.galeriaoctagono.com\/blog\/wp-content\/uploads\/6-150x150.jpg\" alt=\"\" width=\"150\" height=\"150\" class=\"alignleft size-thumbnail wp-image-1625\" srcset=\"https:\/\/www.galeriaoctagono.com\/blog\/wp-content\/uploads\/6-150x150.jpg 150w, https:\/\/www.galeriaoctagono.com\/blog\/wp-content\/uploads\/6-100x100.jpg 100w\" sizes=\"auto, (max-width: 150px) 100vw, 150px\" \/><\/a><a href=\"http:\/\/www.galeriaoctagono.com\/blog\/wp-content\/uploads\/7.jpg\"><img loading=\"lazy\" decoding=\"async\" src=\"http:\/\/www.galeriaoctagono.com\/blog\/wp-content\/uploads\/7-150x150.jpg\" alt=\"\" width=\"150\" height=\"150\" class=\"alignleft size-thumbnail wp-image-1626\" srcset=\"https:\/\/www.galeriaoctagono.com\/blog\/wp-content\/uploads\/7-150x150.jpg 150w, https:\/\/www.galeriaoctagono.com\/blog\/wp-content\/uploads\/7-100x100.jpg 100w\" sizes=\"auto, (max-width: 150px) 100vw, 150px\" \/><\/a><a href=\"http:\/\/www.galeriaoctagono.com\/blog\/wp-content\/uploads\/8.jpg\"><img loading=\"lazy\" decoding=\"async\" src=\"http:\/\/www.galeriaoctagono.com\/blog\/wp-content\/uploads\/8-150x150.jpg\" alt=\"\" width=\"150\" height=\"150\" class=\"alignleft size-thumbnail wp-image-1627\" srcset=\"https:\/\/www.galeriaoctagono.com\/blog\/wp-content\/uploads\/8-150x150.jpg 150w, https:\/\/www.galeriaoctagono.com\/blog\/wp-content\/uploads\/8-100x100.jpg 100w\" sizes=\"auto, (max-width: 150px) 100vw, 150px\" \/><\/a><a href=\"http:\/\/www.galeriaoctagono.com\/blog\/wp-content\/uploads\/Screen-shot-2017-10-21-at-5.29.42-PM.png\"><img loading=\"lazy\" decoding=\"async\" src=\"http:\/\/www.galeriaoctagono.com\/blog\/wp-content\/uploads\/Screen-shot-2017-10-21-at-5.29.42-PM-150x150.png\" alt=\"\" width=\"150\" height=\"150\" class=\"alignleft size-thumbnail wp-image-1629\" srcset=\"https:\/\/www.galeriaoctagono.com\/blog\/wp-content\/uploads\/Screen-shot-2017-10-21-at-5.29.42-PM-150x150.png 150w, https:\/\/www.galeriaoctagono.com\/blog\/wp-content\/uploads\/Screen-shot-2017-10-21-at-5.29.42-PM-100x100.png 100w\" sizes=\"auto, (max-width: 150px) 100vw, 150px\" \/><\/a><a href=\"http:\/\/www.galeriaoctagono.com\/blog\/wp-content\/uploads\/cert-bienal.png\"><img loading=\"lazy\" decoding=\"async\" src=\"http:\/\/www.galeriaoctagono.com\/blog\/wp-content\/uploads\/cert-bienal-150x150.png\" alt=\"\" width=\"150\" height=\"150\" class=\"alignleft size-thumbnail wp-image-1654\" srcset=\"https:\/\/www.galeriaoctagono.com\/blog\/wp-content\/uploads\/cert-bienal-150x150.png 150w, https:\/\/www.galeriaoctagono.com\/blog\/wp-content\/uploads\/cert-bienal-100x100.png 100w\" sizes=\"auto, (max-width: 150px) 100vw, 150px\" \/><\/a><\/p>\n","protected":false},"excerpt":{"rendered":"<p>Ave de Am\u00e9rica Desde Alaska hasta Tierra del Fuego, las Am\u00e9ricas han admirado alg\u00fan tipo de ave (\u00e1guila, zopilote, quetzal, colibr\u00ed, c\u00f3ndor, pel\u00edcano, lechuza, etc.) y han representado situaciones de la vida en forma de pictogramas. La diversidad de s\u00edmbolos es asombrosamente parecida en muchas culturas, pues nuestra vida experimenta las mismas vicisitudes, sin importar &hellip; <\/p>\n<p class=\"link-more\"><a href=\"https:\/\/www.galeriaoctagono.com\/blog\/?page_id=1582\" class=\"more-link\">Continue reading<span class=\"screen-reader-text\"> &#8220;2017: VII Bienal WTA: DIVERSIDAD\/DIVERSITY, Uruguay&#8221;<\/span><\/a><\/p>\n","protected":false},"author":3,"featured_media":0,"parent":0,"menu_order":1,"comment_status":"closed","ping_status":"closed","template":"","meta":{"footnotes":""},"class_list":["post-1582","page","type-page","status-publish","hentry"],"_links":{"self":[{"href":"https:\/\/www.galeriaoctagono.com\/blog\/index.php?rest_route=\/wp\/v2\/pages\/1582","targetHints":{"allow":["GET"]}}],"collection":[{"href":"https:\/\/www.galeriaoctagono.com\/blog\/index.php?rest_route=\/wp\/v2\/pages"}],"about":[{"href":"https:\/\/www.galeriaoctagono.com\/blog\/index.php?rest_route=\/wp\/v2\/types\/page"}],"author":[{"embeddable":true,"href":"https:\/\/www.galeriaoctagono.com\/blog\/index.php?rest_route=\/wp\/v2\/users\/3"}],"replies":[{"embeddable":true,"href":"https:\/\/www.galeriaoctagono.com\/blog\/index.php?rest_route=%2Fwp%2Fv2%2Fcomments&post=1582"}],"version-history":[{"count":5,"href":"https:\/\/www.galeriaoctagono.com\/blog\/index.php?rest_route=\/wp\/v2\/pages\/1582\/revisions"}],"predecessor-version":[{"id":1655,"href":"https:\/\/www.galeriaoctagono.com\/blog\/index.php?rest_route=\/wp\/v2\/pages\/1582\/revisions\/1655"}],"wp:attachment":[{"href":"https:\/\/www.galeriaoctagono.com\/blog\/index.php?rest_route=%2Fwp%2Fv2%2Fmedia&parent=1582"}],"curies":[{"name":"wp","href":"https:\/\/api.w.org\/{rel}","templated":true}]}}