{"id":1578,"date":"2018-06-10T08:46:47","date_gmt":"2018-06-10T14:46:47","guid":{"rendered":"http:\/\/www.galeriaoctagono.com\/blog\/?page_id=1578"},"modified":"2018-06-10T13:11:25","modified_gmt":"2018-06-10T19:11:25","slug":"2015-expo","status":"publish","type":"page","link":"https:\/\/www.galeriaoctagono.com\/blog\/?page_id=1578","title":{"rendered":"2015 EXPO: Textile Art of Today Triennial &#8211; Trienal Arte Textil de Hoy"},"content":{"rendered":"<p><a href=\"http:\/\/www.galeriaoctagono.com\/blog\/wp-content\/uploads\/TAOT-announcement.png\"><img loading=\"lazy\" decoding=\"async\" src=\"http:\/\/www.galeriaoctagono.com\/blog\/wp-content\/uploads\/TAOT-announcement.png\" alt=\"\" width=\"1065\" height=\"408\" class=\"aligncenter size-full wp-image-1609\" srcset=\"https:\/\/www.galeriaoctagono.com\/blog\/wp-content\/uploads\/TAOT-announcement.png 1065w, https:\/\/www.galeriaoctagono.com\/blog\/wp-content\/uploads\/TAOT-announcement-300x115.png 300w, https:\/\/www.galeriaoctagono.com\/blog\/wp-content\/uploads\/TAOT-announcement-768x294.png 768w, https:\/\/www.galeriaoctagono.com\/blog\/wp-content\/uploads\/TAOT-announcement-1024x392.png 1024w\" sizes=\"auto, (max-width: 767px) 89vw, (max-width: 1000px) 54vw, (max-width: 1071px) 543px, 580px\" \/><\/a><\/p>\n<p>Traveling triennale. Exhibition tours will take place from September 2015 to January 2017 in the following galleries and museums: Slovak National Museum &#8211; Historical Museum, Bratislava (Bratislava Castle) Slovak Republic. Tatra Gallery in Poprad, Slovak Republic. Museum Historyczne in Bielsko-Bia\u00fca, Poland Republic. Romero Fl\u00f3ris M\u00fcv\u00e9szeti \u00e9s T\u00f6rt\u00e9neti Museum in Gy\u00f6r, Hungary. Moravian Museum in Uhersk\u00e9 Hradi\u0161t\u00e9, Czech Republic.  <a href=\"http:\/\/www.galeriaoctagono.com\/blog\/wp-content\/uploads\/TAOT-triennale.jpg\"><img loading=\"lazy\" decoding=\"async\" src=\"http:\/\/www.galeriaoctagono.com\/blog\/wp-content\/uploads\/TAOT-triennale-152x300.jpg\" alt=\"\" width=\"152\" height=\"300\" class=\"alignright size-medium wp-image-1612\" srcset=\"https:\/\/www.galeriaoctagono.com\/blog\/wp-content\/uploads\/TAOT-triennale-152x300.jpg 152w, https:\/\/www.galeriaoctagono.com\/blog\/wp-content\/uploads\/TAOT-triennale-518x1024.jpg 518w, https:\/\/www.galeriaoctagono.com\/blog\/wp-content\/uploads\/TAOT-triennale.jpg 648w\" sizes=\"auto, (max-width: 152px) 100vw, 152px\" \/><\/a><\/p>\n<p><a href=\"http:\/\/www.galeriaoctagono.com\/blog\/wp-content\/uploads\/TAOT.jpg\"><img loading=\"lazy\" decoding=\"async\" src=\"http:\/\/www.galeriaoctagono.com\/blog\/wp-content\/uploads\/TAOT-225x300.jpg\" alt=\"\" width=\"225\" height=\"300\" class=\"alignleft size-medium wp-image-1611\" srcset=\"https:\/\/www.galeriaoctagono.com\/blog\/wp-content\/uploads\/TAOT-225x300.jpg 225w, https:\/\/www.galeriaoctagono.com\/blog\/wp-content\/uploads\/TAOT.jpg 480w\" sizes=\"auto, (max-width: 225px) 100vw, 225px\" \/><\/a>   This event is sponsored by the Ministers of Culture of the Visegrad4 countries: Marek Madarik, Minister of Culture of the Slovak Republic; Malgorzata Omilanowska, Minister of Culture of the Republic of Poland; Daniel Hermann, Minister of Culture of the Czech Republic; P\u00e9ter Hoppe, Deputy Minister for International Cultural Relations, Hungary.<br \/>\nThe partners of the project are the Polish Institute in Bratislava; Czech Centre in Bratislava; Balassi Institute &#8211; Hungarian Institute in Bratislava; Italian Cultural Institute in Bratislava; and the City of Bratislava, Slovakia.<\/p>\n<p>Curator:  Zuzana \u0160idl\u00edkov\u00e1, PhD<\/p>\n","protected":false},"excerpt":{"rendered":"<p>Traveling triennale. Exhibition tours will take place from September 2015 to January 2017 in the following galleries and museums: Slovak National Museum &#8211; Historical Museum, Bratislava (Bratislava Castle) Slovak Republic. Tatra Gallery in Poprad, Slovak Republic. Museum Historyczne in Bielsko-Bia\u00fca, Poland Republic. Romero Fl\u00f3ris M\u00fcv\u00e9szeti \u00e9s T\u00f6rt\u00e9neti Museum in Gy\u00f6r, Hungary. Moravian Museum in Uhersk\u00e9 &hellip; <\/p>\n<p class=\"link-more\"><a href=\"https:\/\/www.galeriaoctagono.com\/blog\/?page_id=1578\" class=\"more-link\">Continue reading<span class=\"screen-reader-text\"> &#8220;2015 EXPO: Textile Art of Today Triennial &#8211; Trienal Arte Textil de Hoy&#8221;<\/span><\/a><\/p>\n","protected":false},"author":3,"featured_media":0,"parent":0,"menu_order":0,"comment_status":"closed","ping_status":"closed","template":"","meta":{"footnotes":""},"class_list":["post-1578","page","type-page","status-publish","hentry"],"_links":{"self":[{"href":"https:\/\/www.galeriaoctagono.com\/blog\/index.php?rest_route=\/wp\/v2\/pages\/1578","targetHints":{"allow":["GET"]}}],"collection":[{"href":"https:\/\/www.galeriaoctagono.com\/blog\/index.php?rest_route=\/wp\/v2\/pages"}],"about":[{"href":"https:\/\/www.galeriaoctagono.com\/blog\/index.php?rest_route=\/wp\/v2\/types\/page"}],"author":[{"embeddable":true,"href":"https:\/\/www.galeriaoctagono.com\/blog\/index.php?rest_route=\/wp\/v2\/users\/3"}],"replies":[{"embeddable":true,"href":"https:\/\/www.galeriaoctagono.com\/blog\/index.php?rest_route=%2Fwp%2Fv2%2Fcomments&post=1578"}],"version-history":[{"count":4,"href":"https:\/\/www.galeriaoctagono.com\/blog\/index.php?rest_route=\/wp\/v2\/pages\/1578\/revisions"}],"predecessor-version":[{"id":1615,"href":"https:\/\/www.galeriaoctagono.com\/blog\/index.php?rest_route=\/wp\/v2\/pages\/1578\/revisions\/1615"}],"wp:attachment":[{"href":"https:\/\/www.galeriaoctagono.com\/blog\/index.php?rest_route=%2Fwp%2Fv2%2Fmedia&parent=1578"}],"curies":[{"name":"wp","href":"https:\/\/api.w.org\/{rel}","templated":true}]}}